{"id":936,"date":"2026-04-13T20:21:05","date_gmt":"2026-04-13T20:21:05","guid":{"rendered":"https:\/\/mostaviridis.hr\/najljepsebajkesvijeta\/?page_id=936"},"modified":"2026-04-13T20:21:07","modified_gmt":"2026-04-13T20:21:07","slug":"politika-privatnosti","status":"publish","type":"page","link":"https:\/\/mostaviridis.hr\/najljepsebajkesvijeta\/politika-privatnosti\/","title":{"rendered":"Politika privatnosti"},"content":{"rendered":"\n<h2 class=\"wp-block-heading\"><\/h2>\n\n\n\n<p>Ova politika privatnosti obja\u0161njava kako web stranica mostaviridis.hr prikuplja, koristi i \u0161titi va\u0161e podatke, u skladu s Op\u0107om uredbom o za\u0161titi podataka (GDPR). <\/p>\n\n\n\n<p>Voditelj obrade podataka je MOSTA VIRIDIS d.o.o.  Ulica Slavka Batu\u0161i\u0107a 21, Zagreb.<\/p>\n\n\n\n<p>Mo\u017eemo prikupljati sljede\u0107e podatke: ime i prezime, email adresa, adresa za dostavu, telefonski broj, podaci o narud\u017ebi. Va\u0161e podatke koristimo za obradu i isporuku narud\u017ebi, odgovore na upite putem kontakt forme, pobolj\u0161anje korisni\u010dkog iskustva, ispunjavanje zakonskih obveza. Podaci se obra\u0111uju temeljem kupnje proizvoda (knjige), va\u0161e privole (kontakt forma) i zakonskih obveza. Va\u0161i podaci mogu biti podijeljeni s dostavnim slu\u017ebama (radi isporuke), knjigovodstvom (zakonska obveza) i IT pru\u017eateljima usluga (hosting, odr\u017eavanje). Podaci se ne prodaju tre\u0107im stranama. <\/p>\n\n\n\n<p>Podatke \u010duvamo koliko je potrebno za izvr\u0161enje usluge i koliko zahtijevaju zakonski propisi. Imate pravo na pristup svojim podacima, ispravak podataka, brisanje podataka, ograni\u010denje obrade i prigovor na obradu. Za ostvarivanje prava kontaktirajte nas putem emaila. Poduzimamo tehni\u010dke i organizacijske mjere za za\u0161titu va\u0161ih podataka.<\/p>\n\n\n\n<p>Ova politika mo\u017ee se povremeno a\u017eurirati.<\/p>\n\n\n\n<ol class=\"wp-block-list\"><\/ol>\n","protected":false},"excerpt":{"rendered":"<p>Ova politika privatnosti obja\u0161njava kako web stranica mostaviridis.hr prikuplja, koristi i \u0161titi va\u0161e podatke, u skladu s Op\u0107om uredbom o za\u0161titi podataka (GDPR). Voditelj obrade podataka je MOSTA VIRIDIS d.o.o. Ulica Slavka Batu\u0161i\u0107a 21, Zagreb. Mo\u017eemo prikupljati sljede\u0107e podatke: ime i prezime, email adresa, adresa za dostavu, telefonski broj, podaci o narud\u017ebi. Va\u0161e podatke koristimo [&hellip;]<\/p>\n","protected":false},"author":1,"featured_media":0,"parent":0,"menu_order":0,"comment_status":"closed","ping_status":"closed","template":"","meta":{"footnotes":""},"class_list":["post-936","page","type-page","status-publish","hentry","post"],"_links":{"self":[{"href":"https:\/\/mostaviridis.hr\/najljepsebajkesvijeta\/wp-json\/wp\/v2\/pages\/936","targetHints":{"allow":["GET"]}}],"collection":[{"href":"https:\/\/mostaviridis.hr\/najljepsebajkesvijeta\/wp-json\/wp\/v2\/pages"}],"about":[{"href":"https:\/\/mostaviridis.hr\/najljepsebajkesvijeta\/wp-json\/wp\/v2\/types\/page"}],"author":[{"embeddable":true,"href":"https:\/\/mostaviridis.hr\/najljepsebajkesvijeta\/wp-json\/wp\/v2\/users\/1"}],"replies":[{"embeddable":true,"href":"https:\/\/mostaviridis.hr\/najljepsebajkesvijeta\/wp-json\/wp\/v2\/comments?post=936"}],"version-history":[{"count":1,"href":"https:\/\/mostaviridis.hr\/najljepsebajkesvijeta\/wp-json\/wp\/v2\/pages\/936\/revisions"}],"predecessor-version":[{"id":939,"href":"https:\/\/mostaviridis.hr\/najljepsebajkesvijeta\/wp-json\/wp\/v2\/pages\/936\/revisions\/939"}],"wp:attachment":[{"href":"https:\/\/mostaviridis.hr\/najljepsebajkesvijeta\/wp-json\/wp\/v2\/media?parent=936"}],"curies":[{"name":"wp","href":"https:\/\/api.w.org\/{rel}","templated":true}]}}