{"id":681,"date":"2021-01-02T20:32:35","date_gmt":"2021-01-02T20:32:35","guid":{"rendered":"https:\/\/mostaviridis.hr\/najljepsebajkesvijeta\/cookie-policy\/"},"modified":"2021-05-30T13:08:54","modified_gmt":"2021-05-30T13:08:54","slug":"cookie-policy","status":"publish","type":"page","link":"https:\/\/mostaviridis.hr\/najljepsebajkesvijeta\/cookie-policy\/","title":{"rendered":"Politika kola\u010di\u0107a"},"content":{"rendered":"<p>Web-stranice https:\/\/mostaviridis.hr koristi se kola\u010di\u0107ima i sli\u010dnom tehnologijom kako bi se osiguralo pravilno funkcioniranje web-stranice te pobolj\u0161alo iskustvo korisnika. Kola\u010di\u0107i su malene datoteke koje se pospremaju na ra\u010dunalo dok pristupate web-stranicama, obi\u010dno se to doga\u0111a kada prvi put posjetite neku web-stranicu. Web-stranice s pomo\u0107u kola\u010di\u0107a mogu zapamtiti va\u0161e postavke i sljede\u0107i put kada posjetite istu stranicu mogu ih automatski primijeniti. Svrha kola\u010di\u0107a je dobronamjerna, nisu \u0161tetni i ne mogu nositi viruse te omogu\u0107uju da korisnik ima bolje iskustvo pri kori\u0161tenju sustavom. Vi\u0161e o kola\u010di\u0107ima i na\u010dinu promjene postavki kola\u010di\u0107a mo\u017eete pro\u010ditati ovdje: <a href=\"http:\/\/www.aboutcookies.org\">the About Cookies website<\/a> .<\/p>\n\n\n<p><\/p>\n","protected":false},"excerpt":{"rendered":"<p>Web-stranice https:\/\/mostaviridis.hr koristi se kola\u010di\u0107ima i sli\u010dnom tehnologijom kako bi se osiguralo pravilno funkcioniranje web-stranice te pobolj\u0161alo iskustvo korisnika. Kola\u010di\u0107i su malene datoteke koje se pospremaju na ra\u010dunalo dok pristupate web-stranicama, obi\u010dno se to doga\u0111a kada prvi put posjetite neku web-stranicu. Web-stranice s pomo\u0107u kola\u010di\u0107a mogu zapamtiti va\u0161e postavke i sljede\u0107i put kada posjetite istu [&hellip;]<\/p>\n","protected":false},"author":1,"featured_media":0,"parent":0,"menu_order":0,"comment_status":"closed","ping_status":"closed","template":"templates\/template-full.php","meta":{"footnotes":""},"class_list":["post-681","page","type-page","status-publish","hentry","post"],"_links":{"self":[{"href":"https:\/\/mostaviridis.hr\/najljepsebajkesvijeta\/wp-json\/wp\/v2\/pages\/681","targetHints":{"allow":["GET"]}}],"collection":[{"href":"https:\/\/mostaviridis.hr\/najljepsebajkesvijeta\/wp-json\/wp\/v2\/pages"}],"about":[{"href":"https:\/\/mostaviridis.hr\/najljepsebajkesvijeta\/wp-json\/wp\/v2\/types\/page"}],"author":[{"embeddable":true,"href":"https:\/\/mostaviridis.hr\/najljepsebajkesvijeta\/wp-json\/wp\/v2\/users\/1"}],"replies":[{"embeddable":true,"href":"https:\/\/mostaviridis.hr\/najljepsebajkesvijeta\/wp-json\/wp\/v2\/comments?post=681"}],"version-history":[{"count":2,"href":"https:\/\/mostaviridis.hr\/najljepsebajkesvijeta\/wp-json\/wp\/v2\/pages\/681\/revisions"}],"predecessor-version":[{"id":687,"href":"https:\/\/mostaviridis.hr\/najljepsebajkesvijeta\/wp-json\/wp\/v2\/pages\/681\/revisions\/687"}],"wp:attachment":[{"href":"https:\/\/mostaviridis.hr\/najljepsebajkesvijeta\/wp-json\/wp\/v2\/media?parent=681"}],"curies":[{"name":"wp","href":"https:\/\/api.w.org\/{rel}","templated":true}]}}