{"id":598,"date":"2020-07-20T21:29:55","date_gmt":"2020-07-20T21:29:55","guid":{"rendered":"https:\/\/mostaviridis.hr\/najljepsebajkesvijeta\/?page_id=598"},"modified":"2026-03-09T21:01:57","modified_gmt":"2026-03-09T21:01:57","slug":"naslovna","status":"publish","type":"page","link":"https:\/\/mostaviridis.hr\/najljepsebajkesvijeta\/","title":{"rendered":"Naslovna"},"content":{"rendered":"<div id=\"pl-gb598-69d0cef9aff9c\"  class=\"panel-layout wp-block-siteorigin-panels-layout-block\" ><div id=\"pg-gb598-69d0cef9aff9c-0\"  class=\"panel-grid panel-no-style\" ><div id=\"pgc-gb598-69d0cef9aff9c-0-0\"  class=\"panel-grid-cell\" ><\/div><\/div><\/div>\n\n\n<h2 class=\"wp-block-heading has-text-align-center has-vivid-red-color has-text-color has-x-large-font-size\" style=\"font-style:normal;font-weight:700\"><\/h2>\n\n\n<div id=\"pl-gb598-69d0cef9b0805\"  class=\"panel-layout wp-block-siteorigin-panels-layout-block\" ><div id=\"pg-gb598-69d0cef9b0805-0\"  class=\"panel-grid panel-no-style\" ><div id=\"pgc-gb598-69d0cef9b0805-0-0\"  class=\"panel-grid-cell\" ><div id=\"panel-gb598-69d0cef9b0805-0-0-0\" class=\"so-panel widget widget_media_image panel-first-child panel-last-child\" data-index=\"0\" ><img loading=\"lazy\" decoding=\"async\" width=\"591\" height=\"732\" src=\"https:\/\/mostaviridis.hr\/wp-content\/uploads\/2018\/10\/BAJKE-naslovnica-copy.jpg\" class=\"image wp-image-40  attachment-full size-full\" alt=\"Najljep\u0161e bajke svijeta - Naslovnica\" style=\"max-width: 100%; height: auto;\" srcset=\"https:\/\/mostaviridis.hr\/wp-content\/uploads\/2018\/10\/BAJKE-naslovnica-copy.jpg 591w, https:\/\/mostaviridis.hr\/wp-content\/uploads\/2018\/10\/BAJKE-naslovnica-copy-242x300.jpg 242w\" sizes=\"auto, (max-width: 591px) 100vw, 591px\" \/><\/div><\/div><div id=\"pgc-gb598-69d0cef9b0805-0-1\"  class=\"panel-grid-cell\" ><div id=\"panel-gb598-69d0cef9b0805-0-1-0\" class=\"so-panel widget widget_text panel-first-child panel-last-child\" data-index=\"1\" ><div class=\"panel-widget-style panel-widget-style-for-gb598-69d0cef9b0805-0-1-0\" >\t\t\t<div class=\"textwidget\"><p data-start=\"237\" data-end=\"562\">Postoje knjige koje se ne \u010ditaju samo jednom. One se pamte, \u010duvaju i prenose dalje. Upravo takva je knjiga Najljep\u0161e bajke svijeta.<\/p>\n<p data-start=\"237\" data-end=\"562\">Ako tra\u017eite poseban poklon za dijete &#8211; ili mu \u017eelite pokazati dio vlastitog djetinjstva &#8211; ova knjiga je idealan izbor. To je knjiga koja nema cijenu, knjiga uspomena.<\/p>\n<p data-start=\"237\" data-end=\"562\"><em><strong>POKLONI BAJKU, POKLONI USPOMENU. <\/strong><\/em><strong>(klikni za <\/strong><strong><a href=\"https:\/\/mostaviridis.hr\/najljepsebajkesvijeta\/kontakt\/\">NARUD\u017dBU<\/a><\/strong><strong>)<\/strong><\/p>\n<p data-start=\"237\" data-end=\"562\">Mo\u017eda \u0107e jednog dana i va\u0161e dijete istu ovu knjigu predati nekoj novoj generaciji, podsje\u0107aju\u0107i ih kako se nekada, da bi se listalo, doista morala okrenuti stanica.<\/p>\n<p data-start=\"237\" data-end=\"562\"><strong data-start=\"237\" data-end=\"264\">Najljep\u0161e bajke svijeta<\/strong> bezvremenska je zbirka bajki koja ve\u0107 desetlje\u0107ima odu\u0161evljava generacije \u010ditatelja te se i danas, s jednakom pa\u017enjom, predaje u ruke nove generacije.<\/p>\n<p data-start=\"237\" data-end=\"562\">Prvi put objavljena 1971. godine, ova knjiga i danas pronalazi svoje mjesto u domovima onih koji cijene klasi\u010dne pri\u010de, nostalgi\u010dne ilustracije i \u010daroliju djetinjstva kakva se rijetko nalazi u modernim izdanjima.<\/p>\n<p data-start=\"564\" data-end=\"841\">Ovo nije samo knjiga bajki \u2013 to je dio djetinjstva mnogih roditelja, baka i djedova, sada ponovno dostupna novim generacijama.<\/p>\n<p data-start=\"843\" data-end=\"1048\">Ilustracije i stil pripovijedanja nose toplinu nekih mirnijih vremena, \u0161to ovu knjigu \u010dini savr\u0161enim izborom za roditelje koji \u017eele djeci pribli\u017eiti klasiku i vrijednosti na kojima su i sami odrasli.<\/p>\n<ul data-start=\"1085\" data-end=\"1343\">\n<li data-start=\"1085\" data-end=\"1149\">\n<p data-start=\"1087\" data-end=\"1149\">Izdanje iz 1971. godine \u2013 prava mala knji\u017eevna nostalgija<\/p>\n<\/li>\n<li data-start=\"1150\" data-end=\"1203\">\n<p data-start=\"1152\" data-end=\"1203\">Bezvremenske bajke koje se \u010ditaju generacijama<\/p>\n<\/li>\n<li data-start=\"1204\" data-end=\"1247\">\n<p data-start=\"1206\" data-end=\"1247\">Originalne ilustracije<\/p>\n<\/li>\n<li data-start=\"1248\" data-end=\"1302\">\n<p data-start=\"1250\" data-end=\"1302\">Idealno za zajedni\u010dko \u010ditanje roditelja i djece<\/p>\n<\/li>\n<li data-start=\"1303\" data-end=\"1343\">\n<p data-start=\"1305\" data-end=\"1343\">Poseban poklon s pri\u010dom i povije\u0161\u0107u<\/p>\n<ul>\n<li data-start=\"1645\" data-end=\"1703\">\n<p data-start=\"1647\" data-end=\"1703\">Bajke koje se \u010ditaju od 1971. \u2013 i danas o\u010daravaju.<\/p>\n<\/li>\n<li data-start=\"1704\" data-end=\"1741\">\n<p data-start=\"1706\" data-end=\"1741\">Knjiga koja spaja generacije.<\/p>\n<\/li>\n<li data-start=\"1742\" data-end=\"1789\">\n<p data-start=\"1744\" data-end=\"1789\">Komadi\u0107 djetinjstva, sada u va\u0161em domu.<\/p>\n<\/li>\n<\/ul>\n<\/li>\n<\/ul>\n<p>Posebna vrijednost ove knjige izbor je dvadeset najljep\u0161ih bajki svijeta koje su ilustrirali poznati hrvatski slikari, <strong><a href=\"https:\/\/hr.wikipedia.org\/wiki\/Josip_Generali%C4%87\">Josip Generali\u0107<\/a>, <a href=\"https:\/\/hr.wikipedia.org\/wiki\/Josip_Vani%C5%A1ta\">Josip Vani\u0161ta<\/a>, <a href=\"https:\/\/hr.wikipedia.org\/wiki\/Zdenko_Svir%C4%8Di%C4%87\">Zdenko Svir\u010di\u0107,<\/a> Zlata Bili\u0107, Danica Rusjan, Zdenko Balabani\u0107 <\/strong>i dr.<strong>, <\/strong>kao i prijevodi <strong><a href=\"https:\/\/hr.wikipedia.org\/wiki\/Josip_Tabak\">Josipa Tabaka<\/a>, <a href=\"https:\/\/hr.wikipedia.org\/wiki\/Antun_%C5%A0oljan\">Antuna \u0160oljana<\/a>, <\/strong>\u00a0i dr.\u00a0 Svaka stranica odi\u0161e pa\u017enjom, toplinom i umjetni\u010dkom kvalitetom koja i danas ostavlja sna\u017ean dojam.<\/p>\n<p><strong><em>Stoga ako tra\u017eite poseban poklon za Va\u0161e najbli\u017ee <\/em><a href=\"https:\/\/mostaviridis.hr\/najljepsebajkesvijeta\/kontakt\/\">NARU\u010cITE <\/a><em>\u00a0ovu knjigu.<\/em><\/strong><\/p>\n<p>Sadr\u017eaj:<\/p>\n<ul>\n<li>\u00a0Charles Perrault:\u00a0 <strong><em>Trnoru\u017eica <\/em><\/strong><\/li>\n<li>\u00a0Bra\u0107a Grimm:\u00a0 <strong><em>Crvenkapica<\/em><\/strong><\/li>\n<li>\u00a0Bra\u0107a Grimm:\u00a0<strong><em> Pepeljuga<\/em><\/strong><\/li>\n<li>\u00a0Bra\u0107a Grimm:\u00a0 <strong><em>Snjeguljica\u00a0<\/em><\/strong><\/li>\n<li>\u00a0Ivana Brli\u0107 Ma\u017eurani\u0107:\u00a0 <strong><em>\u0160uma Striborova\u00a0<\/em><\/strong><\/li>\n<li>\u00a0Hans Christian Andersen:\u00a0<strong><em> Kresivo\u00a0<\/em><\/strong><\/li>\n<li>\u00a0Perzijska bajka:\u00a0 <strong><em>Rascvjetana ru\u017ea <\/em><\/strong><\/li>\n<li>\u00a0Arapska bajka:\u00a0 <strong><em>Aladin i \u010darobna svjetiljka\u00a0\u00a0<\/em><\/strong><\/li>\n<li>\u00a0Ruska bajka:\u00a0 <strong><em>Vasilisa Premudra <\/em><\/strong><\/li>\n<li>\u00a0Hans Christian Andersen:\u00a0 <strong><em>Mala sirena<\/em><\/strong><\/li>\n<li>\u00a0Engleska bajka:\u00a0 <strong><em>Riba i prsten<\/em><\/strong><\/li>\n<li>\u00a0Carlo Collodi:\u00a0 <strong><em>Pinocchio\u00a0<\/em><\/strong><\/li>\n<li>\u00a0Kineska bajka:\u00a0 <strong><em>Prognana kraljevna<\/em> <\/strong><\/li>\n<li>\u00a0Poljska bajka:\u00a0<strong><em> \u017diva voda<\/em><\/strong><\/li>\n<li>\u00a0\u0160panjolska bajka:\u00a0 <strong><em>Puna vre\u0107a la\u017ei <\/em><\/strong><\/li>\n<li>\u00a0James Matthew Barrie:\u00a0 <strong><em>Petar Pan<\/em><\/strong><\/li>\n<li>\u00a0\u0160vicarska (retroromanska) bajka:\u00a0 <strong><em>Kozar Gion<\/em><\/strong><\/li>\n<li>\u00a0Austrijska bajka:\u00a0<strong><em> Gola djevoj\u010dica<\/em><\/strong><\/li>\n<li>\u00a0Flamanska bajka:\u00a0 <strong><em>Metlarov sin <\/em><\/strong><\/li>\n<li>\u00a0Lewis Carroll:\u00a0 <strong><em>Alica u Zemlji \u010dudesa\u00a0<\/em><\/strong><\/li>\n<\/ul>\n<\/div>\n\t\t<\/div><\/div><\/div><\/div><\/div>","protected":false},"excerpt":{"rendered":"","protected":false},"author":1,"featured_media":0,"parent":0,"menu_order":0,"comment_status":"closed","ping_status":"closed","template":"templates\/template-full-notitle.php","meta":{"footnotes":""},"class_list":["post-598","page","type-page","status-publish","hentry","post"],"_links":{"self":[{"href":"https:\/\/mostaviridis.hr\/najljepsebajkesvijeta\/wp-json\/wp\/v2\/pages\/598","targetHints":{"allow":["GET"]}}],"collection":[{"href":"https:\/\/mostaviridis.hr\/najljepsebajkesvijeta\/wp-json\/wp\/v2\/pages"}],"about":[{"href":"https:\/\/mostaviridis.hr\/najljepsebajkesvijeta\/wp-json\/wp\/v2\/types\/page"}],"author":[{"embeddable":true,"href":"https:\/\/mostaviridis.hr\/najljepsebajkesvijeta\/wp-json\/wp\/v2\/users\/1"}],"replies":[{"embeddable":true,"href":"https:\/\/mostaviridis.hr\/najljepsebajkesvijeta\/wp-json\/wp\/v2\/comments?post=598"}],"version-history":[{"count":77,"href":"https:\/\/mostaviridis.hr\/najljepsebajkesvijeta\/wp-json\/wp\/v2\/pages\/598\/revisions"}],"predecessor-version":[{"id":931,"href":"https:\/\/mostaviridis.hr\/najljepsebajkesvijeta\/wp-json\/wp\/v2\/pages\/598\/revisions\/931"}],"wp:attachment":[{"href":"https:\/\/mostaviridis.hr\/najljepsebajkesvijeta\/wp-json\/wp\/v2\/media?parent=598"}],"curies":[{"name":"wp","href":"https:\/\/api.w.org\/{rel}","templated":true}]}}