{"id":579,"date":"2020-07-20T19:52:10","date_gmt":"2020-07-20T19:52:10","guid":{"rendered":"http:\/\/mostaviridis.hr\/najljepsebajkesvijeta\/?page_id=579"},"modified":"2026-02-27T20:31:36","modified_gmt":"2026-02-27T20:31:36","slug":"kontakt","status":"publish","type":"page","link":"https:\/\/mostaviridis.hr\/najljepsebajkesvijeta\/kontakt\/","title":{"rendered":"Naru\u010di knjigu"},"content":{"rendered":"\n<p><\/p>\n\n\n\n<h2 class=\"wp-block-heading\" style=\"font-size:17px\"><\/h2>\n\n\n\n<p><\/p>\n\n\n\n<p><\/p>\n\n\n\n<p class=\"has-black-color has-text-color has-medium-font-size\">Maloprodajna cijena knjige Najljep\u0161e bajke svijeta je 32,00 eura.                   Dostava se napla\u0107uje u iznosu od 5,00 eura uve\u0107ano za PDV.                               Za narud\u017ebu knjige molimo popunite podatke:<\/p>\n\n\n\n<p><\/p>\n\n\n\n<h2 class=\"wp-block-heading\" style=\"font-size:17px\"><\/h2>\n\n\n\n<div class=\"forminator-guttenberg\"><div class=\"forminator-ui forminator-custom-form forminator-custom-form-790 forminator-design--default  forminator_ajax\" data-forminator-render=\"0\" data-form=\"forminator-module-790\" data-uid=\"69d0e327a8517\"><br\/><\/div><form\n\t\t\t\tid=\"forminator-module-790\"\n\t\t\t\tclass=\"forminator-ui forminator-custom-form forminator-custom-form-790 forminator-design--default  forminator_ajax\"\n\t\t\t\tmethod=\"post\"\n\t\t\t\tdata-forminator-render=\"0\"\n\t\t\t\tdata-form-id=\"790\"\n\t\t\t\t data-color-option=\"default\" data-design=\"default\" data-grid=\"open\" style=\"display: none;\"\n\t\t\t\tdata-uid=\"69d0e327a8517\"\n\t\t\t><div role=\"alert\" aria-live=\"polite\" class=\"forminator-response-message forminator-error\" aria-hidden=\"true\"><\/div><div class=\"forminator-row\"><div id=\"name-1\" class=\"forminator-field-name forminator-col forminator-col-12 \"><div class=\"forminator-field\"><label for=\"forminator-field-name-1_69d0e327a8517\" id=\"forminator-field-name-1_69d0e327a8517-label\" class=\"forminator-label\">Ime i prezime <span class=\"forminator-required\">*<\/span><\/label><input type=\"text\" name=\"name-1\" value=\"\" placeholder=\"Ime i prezime\" id=\"forminator-field-name-1_69d0e327a8517\" class=\"forminator-input forminator-name--field\" aria-required=\"true\" autocomplete=\"name\" \/><\/div><\/div><\/div><div class=\"forminator-row\"><div id=\"address-1\" class=\"forminator-field-address forminator-col forminator-col-12 \"><div class=\"forminator-row\"><div id=\"address-1-street_address\" class=\"forminator-col\"><div class=\"forminator-field\"><label for=\"forminator-field-address-1-street_address_69d0e327a8517\" id=\"forminator-field-address-1-street_address_69d0e327a8517-label\" class=\"forminator-label\">Po\u0161tanski broj, Grad, Adresa <span class=\"forminator-required\">*<\/span><\/label><input type=\"text\" name=\"address-1-street_address\" placeholder=\"Po\u0161tanski broj, grad, adresa\" id=\"forminator-field-address-1-street_address_69d0e327a8517\" class=\"forminator-input\" data-required=\"1\" aria-required=\"true\" autocomplete=\"address-line1\" value=\"\" \/><\/div><\/div><\/div><\/div><\/div><div class=\"forminator-row\"><div id=\"email-1\" class=\"forminator-field-email forminator-col forminator-col-6 \"><div class=\"forminator-field\"><label for=\"forminator-field-email-1_69d0e327a8517\" id=\"forminator-field-email-1_69d0e327a8517-label\" class=\"forminator-label\">Email <span class=\"forminator-required\">*<\/span><\/label><input type=\"email\" name=\"email-1\" value=\"\" placeholder=\"Adresa elektroni\u010dke po\u0161te\" id=\"forminator-field-email-1_69d0e327a8517\" class=\"forminator-input forminator-email--field\" data-required=\"true\" aria-required=\"true\" autocomplete=\"email\" \/><\/div><\/div><div id=\"phone-1\" class=\"forminator-field-phone forminator-col forminator-col-6 \"><div class=\"forminator-field\"><label for=\"forminator-field-phone-1_69d0e327a8517\" id=\"forminator-field-phone-1_69d0e327a8517-label\" class=\"forminator-label\">Telefon <span class=\"forminator-required\">*<\/span><\/label><input type=\"text\" name=\"phone-1\" value=\"\" placeholder=\"Kontakt telefon\" id=\"forminator-field-phone-1_69d0e327a8517\" class=\"forminator-input forminator-field--phone\" data-required=\"1\" aria-required=\"true\" autocomplete=\"off\" \/><\/div><\/div><\/div><div class=\"forminator-row\"><div id=\"textarea-1\" class=\"forminator-field-textarea forminator-col forminator-col-12 \"><div class=\"forminator-field\"><label for=\"forminator-field-textarea-1_69d0e327a8517\" id=\"forminator-field-textarea-1_69d0e327a8517-label\" class=\"forminator-label\">Tekst narud\u017ebe <span class=\"forminator-required\">*<\/span><\/label><textarea name=\"textarea-1\" placeholder=\"Navedite koli\u010dinu koju naru\u010dujute\" id=\"forminator-field-textarea-1_69d0e327a8517\" class=\"forminator-textarea\" rows=\"6\" style=\"min-height:100px;\" maxlength=\"180\" ><\/textarea><span id=\"forminator-field-textarea-1_69d0e327a8517-description\" class=\"forminator-description\"><span data-limit=\"180\" data-type=\"characters\" data-editor=\"\">0 \/ 180<\/span><\/span><\/div><\/div><\/div><div class=\"forminator-row\"><div id=\"gdprcheckbox-1\" class=\"forminator-field-gdprcheckbox forminator-col forminator-col-12 \"><div class=\"forminator-field\"><label for=\"forminator-field-gdprcheckbox-1_69d0e327a8517\" id=\"forminator-field-gdprcheckbox-1_69d0e327a8517-label\" class=\"forminator-label\">GDPR <span class=\"forminator-required\">*<\/span><\/label><label for=\"forminator-field-gdprcheckbox-1_69d0e327a8517\" class=\"forminator-checkbox\"><input type=\"checkbox\" name=\"gdprcheckbox-1\" value=\"true\" id=\"forminator-field-gdprcheckbox-1_69d0e327a8517\" data-required=\"true\" aria-required=\"true\" \/><span class=\"forminator-checkbox-box\" aria-hidden=\"true\"><\/span><span class=\"forminator-checkbox-label\">Da, prihva\u0107am uvjete prodaje.<\/span><\/label><\/div><\/div><\/div><div class=\"forminator-row\"><div id=\"captcha-1\" class=\"forminator-field-captcha forminator-col forminator-col-12 \"><div class=\"forminator-captcha-left forminator-g-recaptcha\" data-theme=\"light\"  data-sitekey=\"6LeG1wwbAAAAAJT4FPMwtXrI3DdV8aKNoxNLLpO7\" data-size=\"normal\"><\/div> <\/div><\/div><input type=\"hidden\" name=\"referer_url\" value=\"\" \/><div class=\"forminator-row forminator-row-last\"><div class=\"forminator-col\"><div class=\"forminator-field\"><button class=\"forminator-button forminator-button-submit\">Naru\u010di<\/button><\/div><\/div><\/div><input type=\"hidden\" id=\"forminator_nonce\" name=\"forminator_nonce\" value=\"bdfe8b5be8\" \/><input type=\"hidden\" name=\"_wp_http_referer\" value=\"\/najljepsebajkesvijeta\/wp-json\/wp\/v2\/pages\/579\" \/><input type=\"hidden\" name=\"form_id\" value=\"790\"><input type=\"hidden\" name=\"page_id\" value=\"579\"><input type=\"hidden\" name=\"form_type\" value=\"default\"><input type=\"hidden\" name=\"current_url\" value=\"https:\/\/mostaviridis.hr\/najljepsebajkesvijeta\/kontakt\/\"><input type=\"hidden\" name=\"render_id\" value=\"0\"><input type=\"hidden\" name=\"action\" value=\"forminator_submit_form_custom-forms\"><label for=\"input_7\" class=\"forminator-hidden\" aria-hidden=\"true\">Please do not fill in this field. <input id=\"input_7\" type=\"text\" name=\"input_7\" value=\"\" autocomplete=\"off\"><\/label><\/form><\/div>\n","protected":false},"excerpt":{"rendered":"<p>Maloprodajna cijena knjige Najljep\u0161e bajke svijeta je 32,00 eura. Dostava se napla\u0107uje u iznosu od 5,00 eura uve\u0107ano za PDV. Za narud\u017ebu knjige molimo popunite podatke:<\/p>\n","protected":false},"author":1,"featured_media":0,"parent":0,"menu_order":0,"comment_status":"closed","ping_status":"closed","template":"","meta":{"footnotes":""},"class_list":["post-579","page","type-page","status-publish","hentry","post"],"_links":{"self":[{"href":"https:\/\/mostaviridis.hr\/najljepsebajkesvijeta\/wp-json\/wp\/v2\/pages\/579","targetHints":{"allow":["GET"]}}],"collection":[{"href":"https:\/\/mostaviridis.hr\/najljepsebajkesvijeta\/wp-json\/wp\/v2\/pages"}],"about":[{"href":"https:\/\/mostaviridis.hr\/najljepsebajkesvijeta\/wp-json\/wp\/v2\/types\/page"}],"author":[{"embeddable":true,"href":"https:\/\/mostaviridis.hr\/najljepsebajkesvijeta\/wp-json\/wp\/v2\/users\/1"}],"replies":[{"embeddable":true,"href":"https:\/\/mostaviridis.hr\/najljepsebajkesvijeta\/wp-json\/wp\/v2\/comments?post=579"}],"version-history":[{"count":75,"href":"https:\/\/mostaviridis.hr\/najljepsebajkesvijeta\/wp-json\/wp\/v2\/pages\/579\/revisions"}],"predecessor-version":[{"id":916,"href":"https:\/\/mostaviridis.hr\/najljepsebajkesvijeta\/wp-json\/wp\/v2\/pages\/579\/revisions\/916"}],"wp:attachment":[{"href":"https:\/\/mostaviridis.hr\/najljepsebajkesvijeta\/wp-json\/wp\/v2\/media?parent=579"}],"curies":[{"name":"wp","href":"https:\/\/api.w.org\/{rel}","templated":true}]}}